{"id":7223,"date":"2023-03-02T18:39:24","date_gmt":"2023-03-02T18:39:24","guid":{"rendered":"https:\/\/balkanbiblicaltraining.org\/?page_id=7223"},"modified":"2025-09-26T18:33:51","modified_gmt":"2025-09-26T18:33:51","slug":"landing-page","status":"publish","type":"page","link":"https:\/\/balkanbiblicaltraining.org\/alb\/","title":{"rendered":"Landing Page"},"content":{"rendered":"<div data-vc-full-width=\"true\" data-vc-full-width-init=\"false\" data-vc-stretch-content=\"true\" class=\"vc_row wpb_row vc_row-fluid mainpage-bg vc_custom_1758909631716 vc_row-has-fill wd-rs-68d6d4b5856f3\"><div class=\"wpb_column vc_column_container vc_col-sm-12 wd-rs-6463bfee26103\"><div class=\"vc_column-inner vc_custom_1684258803953\"><div class=\"wpb_wrapper\">\n\t\t\t<!-- START Banner Final REVOLUTION SLIDER 6.5.31 --><p class=\"rs-p-wp-fix\"><\/p>\n\t\t\t<rs-module-wrap id=\"rev_slider_7_1_wrapper\" data-source=\"gallery\" style=\"visibility:hidden;background:transparent;padding:0;margin:0px auto;margin-top:0;margin-bottom:0;\">\n\t\t\t\t<rs-module id=\"rev_slider_7_1\" style=\"\" data-version=\"6.5.31\">\n\t\t\t\t\t<rs-slides>\n\t\t\t\t\t\t<rs-slide style=\"position: absolute;\" data-key=\"rs-142\" data-title=\"Slide\" data-in=\"o:0;\" data-out=\"a:false;\">\n\t\t\t\t\t\t\t<img src=\"\/\/balkanbiblicaltraining.org\/wp-content\/plugins\/revslider\/public\/assets\/assets\/dummy.png\" alt=\"\" title=\"balkanbiblicaltraining-background\" width=\"2111\" height=\"621\" class=\"rev-slidebg tp-rs-img rs-lazyload\" data-lazyload=\"\/\/balkanbiblicaltraining.org\/wp-content\/uploads\/2023\/03\/balkanbiblicaltraining-background.png\" data-no-retina>\n<!--\n\t\t\t\t\t\t\t--><rs-layer\n\t\t\t\t\t\t\t\tid=\"slider-7-slide-142-layer-0\" \n\t\t\t\t\t\t\t\tdata-type=\"text\"\n\t\t\t\t\t\t\t\tdata-color=\"#000\"\n\t\t\t\t\t\t\t\tdata-rsp_ch=\"on\"\n\t\t\t\t\t\t\t\tdata-xy=\"xo:460px,460px,460px,106px;yo:306px,306px,306px,251px;\"\n\t\t\t\t\t\t\t\tdata-text=\"w:normal;s:38,38,38,31;l:43,43,43,36;fw:800;\"\n\t\t\t\t\t\t\t\tdata-dim=\"minh:0,0,0,none;\"\n\t\t\t\t\t\t\t\tdata-frame_1=\"e:power4.inOut;sp:1500;\"\n\t\t\t\t\t\t\t\tdata-frame_999=\"o:0;st:w;\"\n\t\t\t\t\t\t\t\tstyle=\"z-index:5;font-family:'Poppins';\"\n\t\t\t\t\t\t\t>BALKAN BIBLICAL \n\t\t\t\t\t\t\t<\/rs-layer><!--\n\n\t\t\t\t\t\t\t--><rs-layer\n\t\t\t\t\t\t\t\tid=\"slider-7-slide-142-layer-1\" \n\t\t\t\t\t\t\t\tdata-type=\"text\"\n\t\t\t\t\t\t\t\tdata-color=\"#000\"\n\t\t\t\t\t\t\t\tdata-rsp_ch=\"on\"\n\t\t\t\t\t\t\t\tdata-xy=\"xo:516px,516px,516px,167px;yo:357px,357px,357px,292px;\"\n\t\t\t\t\t\t\t\tdata-text=\"w:normal;s:30,30,30,23;l:33,33,33,25;ls:10px,10px,10px,6px;fw:500;\"\n\t\t\t\t\t\t\t\tdata-dim=\"minh:0,0,0,none;\"\n\t\t\t\t\t\t\t\tdata-frame_1=\"e:power4.inOut;sp:1500;\"\n\t\t\t\t\t\t\t\tdata-frame_999=\"o:0;st:w;\"\n\t\t\t\t\t\t\t\tstyle=\"z-index:5;font-family:'Roboto';\"\n\t\t\t\t\t\t\t>TRAINING \n\t\t\t\t\t\t\t<\/rs-layer><!--\n-->\t\t\t\t\t\t<\/rs-slide>\n\t\t\t\t\t<\/rs-slides>\n\t\t\t\t<\/rs-module>\n\t\t\t\t<script>\n\t\t\t\t\tsetREVStartSize({c: 'rev_slider_7_1',rl:[1240,1240,1240,480],el:[460,460,460,360],gw:[1240,1240,1240,480],gh:[460,460,460,360],type:'standard',justify:'',layout:'fullwidth',mh:\"0\"});if (window.RS_MODULES!==undefined && window.RS_MODULES.modules!==undefined && window.RS_MODULES.modules[\"revslider71\"]!==undefined) {window.RS_MODULES.modules[\"revslider71\"].once = false;window.revapi7 = undefined;if (window.RS_MODULES.checkMinimal!==undefined) window.RS_MODULES.checkMinimal()}\n\t\t\t\t<\/script>\n\t\t\t<\/rs-module-wrap>\n\t\t\t<!-- END REVOLUTION SLIDER -->\n<\/div><\/div><\/div><\/div><div class=\"vc_row-full-width vc_clearfix\"><\/div><div data-vc-full-width=\"true\" data-vc-full-width-init=\"false\" class=\"vc_row wpb_row vc_row-fluid vc_custom_1758909617724 vc_row-has-fill vc_row-o-full-height vc_row-o-columns-top vc_row-o-content-middle vc_row-flex wd-bg-center-center wd-rs-68d6d49815ff8\"><div class=\"wpb_column vc_column_container vc_col-sm-4\"><div class=\"vc_column-inner\"><div class=\"wpb_wrapper\"><\/div><\/div><\/div><div class=\"wpb_column main-elements-buttons vc_column_container vc_col-sm-4 wd-rs-6403a31ebbf15\"><div class=\"vc_column-inner vc_custom_1677959962716\"><div class=\"wpb_wrapper\"><div id=\"wd-6403a31877838\" class=\"wd-rs-6403a31877838  wd-button-wrapper wd-off-anim wpb_animate_when_almost_visible wpb_fadeInUp fadeInUp wd-anim-name_fadeInUp text-center\"><a href=\"#promo-popup-1\" title=\"\" class=\"btn btn-color-primary btn-style-default btn-style-semi-round btn-size-extra-large btn-full-width wd-open-popup  btn-icon-pos-right\">PROFILI IM<span class=\"wd-btn-icon\"><span class=\"wd-icon far fa-user\"><\/span><\/span><\/a><\/div><div id=\"promo-popup-1\" class=\"mfp-with-anim wd-popup wd-popup-element mfp-hide\" style=\"max-width:500px;\"><div class=\"wd-popup-inner\">\t\t<div id=\"wd-6403a159d12df\" class=\"wd-image wd-wpb wd-rs-6403a159d12df text-center vc_custom_1677959514788\">\n\t\t\t\n\t\t\t<img width=\"539\" height=\"433\" src=\"https:\/\/balkanbiblicaltraining.org\/wp-content\/uploads\/2023\/03\/6886524-ai-1-e1677959495401.png\" class=\"attachment-full\" alt=\"\" decoding=\"async\" loading=\"lazy\" title=\"6886524-ai (1)\" srcset=\"https:\/\/balkanbiblicaltraining.org\/wp-content\/uploads\/2023\/03\/6886524-ai-1-e1677959495401.png 539w, https:\/\/balkanbiblicaltraining.org\/wp-content\/uploads\/2023\/03\/6886524-ai-1-e1677959495401-373x300.png 373w, https:\/\/balkanbiblicaltraining.org\/wp-content\/uploads\/2023\/03\/6886524-ai-1-e1677959495401-15x12.png 15w, https:\/\/balkanbiblicaltraining.org\/wp-content\/uploads\/2023\/03\/6886524-ai-1-e1677959495401-430x345.png 430w, https:\/\/balkanbiblicaltraining.org\/wp-content\/uploads\/2023\/03\/6886524-ai-1-e1677959495401-150x121.png 150w\" sizes=\"(max-width: 539px) 100vw, 539px\" \/>\n\t\t\t\t\t<\/div>\n\t\t<div class=\"vc_row wpb_row vc_inner vc_row-fluid vc_custom_1517217790027 vc_row-o-content-top vc_row-flex\"><div class=\"wpb_column vc_column_container vc_col-sm-12 vc_col-has-fill\"><div class=\"vc_column-inner vc_custom_1516974142464\"><div class=\"wpb_wrapper\">\n\t\t<div id=\"wd-64010db499ea3\" class=\"title-wrapper wd-wpb set-mb-s reset-last-child  wd-rs-64010db499ea3 wd-title-color-default wd-title-style-default text-center vc_custom_1677790651813 wd-underline-colored\">\n\t\t\t\n\t\t\t<div class=\"liner-continer\">\n\t\t\t\t<h4 class=\"woodmart-title-container title  wd-font-weight-700 wd-fontsize-l\" >MIR\u00cbSEVJEN<\/h4>\n\t\t\t\t\t\t\t<\/div>\n\t\t\t\n\t\t\t\n\t\t\t\n\t\t<\/div>\n\t\t\n\t\t\n\t<div class=\"wpb_text_column wpb_content_element vc_custom_1677784166252\" >\n\t\t<div class=\"wpb_wrapper\">\n\t\t\t<div class=\"woocommerce\"><\/div>\n\n\t\t<\/div>\n\t<\/div>\n<\/div><\/div><\/div><\/div><\/div><\/div><div class=\"vc_empty_space\"   style=\"height: 32px\"><span class=\"vc_empty_space_inner\"><\/span><\/div><div id=\"wd-6401005c1e710\" class=\"wd-rs-6401005c1e710  wd-button-wrapper wd-off-anim wpb_animate_when_almost_visible wpb_fadeInUp fadeInUp wd-anim-name_fadeInUp text-center\"><a href=\"#text-popup\" title=\"\" class=\"btn btn-color-primary btn-style-default btn-style-semi-round btn-size-extra-large btn-full-width wd-open-popup  btn-icon-pos-right\">KLASAT<span class=\"wd-btn-icon\"><span class=\"wd-icon fas fa-book-open\"><\/span><\/span><\/a><\/div><div id=\"text-popup\" class=\"mfp-with-anim wd-popup wd-popup-element mfp-hide\" style=\"max-width:900px;\"><div class=\"wd-popup-inner\"><div class=\"vc_row wpb_row vc_inner vc_row-fluid vc_row-o-content-top vc_row-flex wd-rs-64010ca7689ad\"><div class=\"wpb_column vc_column_container vc_col-sm-12 vc_col-has-fill wd-rs-64010c88e1b93\"><div class=\"vc_column-inner vc_custom_1677790341674\"><div class=\"wpb_wrapper\"><div class=\"vc_icon_element vc_icon_element-outer vc_icon_element-align-center\"><div class=\"vc_icon_element-inner vc_icon_element-color-juicy_pink vc_icon_element-size-xl vc_icon_element-style- vc_icon_element-background-color-grey\" ><span class=\"vc_icon_element-icon far fa-times-circle\" ><\/span><\/div><\/div>\n\t\t<div id=\"wd-64010cb9a9861\" class=\"title-wrapper wd-wpb set-mb-s reset-last-child  wd-rs-64010cb9a9861 wd-title-color-default wd-title-style-default text-center vc_custom_1677790395166 wd-underline-colored\">\n\t\t\t\n\t\t\t<div class=\"liner-continer\">\n\t\t\t\t<h4 class=\"woodmart-title-container title  wd-font-weight-700 wd-fontsize-l\" >NDJES\u00cb!<br \/>\nKJO FAQE \u00cbSHT\u00cb E DISPONUESHME VET\u00cbM P\u00cbR AN\u00cbTAR\u00cbT.<\/h4>\n\t\t\t\t\t\t\t<\/div>\n\t\t\t\n\t\t\t\t\t\t\t<div class=\"title-after_title  set-cont-mb-s reset-last-child  wd-fontsize-xs\">Ju lutemi identifikohuni p\u00ebr t\u00eb par\u00eb k\u00ebt\u00eb faqe.<\/div>\n\t\t\t\n\t\t\t\n\t\t<\/div>\n\t\t\n\t\t<\/div><\/div><\/div><\/div><\/div><\/div><div class=\"ihc-locker-wrap\"><div class='ihc_locker_1 ihc_locker_1-st'>\r\n\t\t\t\t\t\t\t<div><\/div><\/div><\/div><div class=\"vc_empty_space\"   style=\"height: 32px\"><span class=\"vc_empty_space_inner\"><\/span><\/div><div id=\"wd-640102ada2c86\" class=\"wd-rs-640102ada2c86  wd-button-wrapper wd-off-anim wpb_animate_when_almost_visible wpb_fadeInUp fadeInUp wd-anim-name_fadeInUp text-center\"><a href=\"https:\/\/balkanbiblicaltraining.org\/alb\/the-gospel-story\/\" title=\"\" class=\"btn btn-color-primary btn-style-default btn-style-semi-round btn-size-extra-large btn-full-width btn-icon-pos-right\">UNGJILLI<span class=\"wd-btn-icon\"><span class=\"wd-icon fas fa-cross\"><\/span><\/span><\/a><\/div><div class=\"ihc-locker-wrap\"><div class='ihc_locker_1 ihc_locker_1-st'>\r\n\t\t\t\t\t\t\t<div><\/div><\/div><\/div><div class=\"vc_empty_space\"   style=\"height: 32px\"><span class=\"vc_empty_space_inner\"><\/span><\/div><div id=\"wd-68d6dc4b60d03\" class=\"wd-rs-68d6dc4b60d03  wd-button-wrapper wd-off-anim wpb_animate_when_almost_visible wpb_fadeInUp fadeInUp wd-anim-name_fadeInUp text-center\"><a href=\"https:\/\/balkanbiblicaltraining.org\/alb\/testimonials\/\" title=\"\" class=\"btn btn-color-primary btn-style-default btn-style-semi-round btn-size-extra-large btn-full-width btn-icon-pos-right\">D\u00ebshmit\u00eb<span class=\"wd-btn-icon\"><span class=\"wd-icon fas fa-star\"><\/span><\/span><\/a><\/div><div class=\"ihc-locker-wrap\"><div class='ihc_locker_1 ihc_locker_1-st'>\r\n\t\t\t\t\t\t\t<div><\/div><\/div><\/div><div class=\"vc_empty_space\"   style=\"height: 32px\"><span class=\"vc_empty_space_inner\"><\/span><\/div><div id=\"wd-6421d35bcc86b\" class=\"wd-rs-6421d35bcc86b  wd-button-wrapper wd-off-anim wpb_animate_when_almost_visible wpb_fadeInUp fadeInUp wd-anim-name_fadeInUp text-center\"><a href=\"#worship-music-popup\" title=\"\" class=\"btn btn-color-primary btn-style-default btn-style-semi-round btn-size-extra-large btn-full-width wd-open-popup  btn-icon-pos-right\">K\u00ebng\u00eb Adhurimi<span class=\"wd-btn-icon\"><span class=\"wd-icon fas fa-music\"><\/span><\/span><\/a><\/div><div id=\"worship-music-popup\" class=\"mfp-with-anim wd-popup wd-popup-element mfp-hide\" style=\"max-width:500px;\"><div class=\"wd-popup-inner\">\t\t<div id=\"wd-6421d25849c4e\" class=\"wd-image wd-wpb wd-rs-6421d25849c4e text-center vc_custom_1679938144173\">\n\t\t\t\n\t\t\t<img width=\"850\" height=\"567\" src=\"https:\/\/balkanbiblicaltraining.org\/wp-content\/uploads\/2023\/03\/photo-1507692049790-de58290a4334-1.jpg\" class=\"attachment-full\" alt=\"\" decoding=\"async\" loading=\"lazy\" title=\"photo-1507692049790-de58290a4334 (1)\" srcset=\"https:\/\/balkanbiblicaltraining.org\/wp-content\/uploads\/2023\/03\/photo-1507692049790-de58290a4334-1.jpg 850w, https:\/\/balkanbiblicaltraining.org\/wp-content\/uploads\/2023\/03\/photo-1507692049790-de58290a4334-1-400x267.jpg 400w, https:\/\/balkanbiblicaltraining.org\/wp-content\/uploads\/2023\/03\/photo-1507692049790-de58290a4334-1-768x512.jpg 768w, https:\/\/balkanbiblicaltraining.org\/wp-content\/uploads\/2023\/03\/photo-1507692049790-de58290a4334-1-430x287.jpg 430w, https:\/\/balkanbiblicaltraining.org\/wp-content\/uploads\/2023\/03\/photo-1507692049790-de58290a4334-1-700x467.jpg 700w, https:\/\/balkanbiblicaltraining.org\/wp-content\/uploads\/2023\/03\/photo-1507692049790-de58290a4334-1-150x100.jpg 150w\" sizes=\"(max-width: 850px) 100vw, 850px\" \/>\n\t\t\t\t\t<\/div>\n\t\t<div class=\"vc_row wpb_row vc_inner vc_row-fluid vc_custom_1517217790027 vc_row-o-content-top vc_row-flex\"><div class=\"wpb_column vc_column_container vc_col-sm-12 vc_col-has-fill\"><div class=\"vc_column-inner vc_custom_1516974142464\"><div class=\"wpb_wrapper\">\n\t\t<div id=\"wd-6421dd3da59fc\" class=\"title-wrapper wd-wpb set-mb-s reset-last-child  wd-rs-6421dd3da59fc wd-title-color-default wd-title-style-default text-center vc_custom_1679940933298 wd-underline-colored\">\n\t\t\t\n\t\t\t<div class=\"liner-continer\">\n\t\t\t\t<h4 class=\"woodmart-title-container title  wd-font-weight-700 wd-fontsize-l\" >K\u00ebng\u00eb Adhurimi<\/h4>\n\t\t\t\t\t\t\t<\/div>\n\t\t\t\n\t\t\t\t\t\t\t<div class=\"title-after_title  set-cont-mb-s reset-last-child  wd-fontsize-xs\">Zgjidhni nj\u00eb nga kanalet e k\u00ebng\u00ebve t\u00eb adhurimit m\u00eb posht\u00eb.<\/div>\n\t\t\t\n\t\t\t\n\t\t<\/div>\n\t\t\n\t\t<div id=\"wd-6421dd978f5ee\" class=\"wd-rs-6421dd978f5ee  wd-button-wrapper wd-off-anim wpb_animate_when_almost_visible wpb_fadeInUp fadeInUp wd-anim-name_fadeInUp text-center\"><a href=\"https:\/\/www.youtube.com\/channel\/UCTD7xPB9D9j-t5s14XTypuA\" title=\"Worship Channel 1\" target=\"_blank\" class=\"btn btn-color-primary btn-style-default btn-style-semi-round btn-size-extra-large btn-full-width btn-icon-pos-right\">K\u00ebng\u00eb Adhurimi 1<span class=\"wd-btn-icon\"><span class=\"wd-icon fas fa-angle-right\"><\/span><\/span><\/a><\/div><div class=\"vc_empty_space\"   style=\"height: 12px\"><span class=\"vc_empty_space_inner\"><\/span><\/div><div id=\"wd-6421dda367306\" class=\"wd-rs-6421dda367306  wd-button-wrapper wd-off-anim wpb_animate_when_almost_visible wpb_fadeInUp fadeInUp wd-anim-name_fadeInUp text-center\"><a href=\"https:\/\/www.youtube.com\/@momentumworshipalbania864\" title=\"Worship Channel 2\" target=\"_blank\" class=\"btn btn-color-primary btn-style-default btn-style-semi-round btn-size-extra-large btn-full-width btn-icon-pos-right\">K\u00ebng\u00eb Adhurimi 2<span class=\"wd-btn-icon\"><span class=\"wd-icon fas fa-angle-right\"><\/span><\/span><\/a><\/div><div class=\"vc_empty_space\"   style=\"height: 12px\"><span class=\"vc_empty_space_inner\"><\/span><\/div><div id=\"wd-6421ddad29d67\" class=\"wd-rs-6421ddad29d67  wd-button-wrapper wd-off-anim wpb_animate_when_almost_visible wpb_fadeInUp fadeInUp wd-anim-name_fadeInUp text-center\"><a href=\"https:\/\/www.youtube.com\/@vasovreshtulla3056\/videos\" title=\"Worship Channel 3\" target=\"_blank\" class=\"btn btn-color-primary btn-style-default btn-style-semi-round btn-size-extra-large btn-full-width btn-icon-pos-right\">K\u00ebng\u00eb Adhurimi 3<span class=\"wd-btn-icon\"><span class=\"wd-icon fas fa-angle-right\"><\/span><\/span><\/a><\/div><div class=\"vc_empty_space\"   style=\"height: 12px\"><span class=\"vc_empty_space_inner\"><\/span><\/div><div id=\"wd-6421ddb4b67c4\" class=\"wd-rs-6421ddb4b67c4  wd-button-wrapper wd-off-anim wpb_animate_when_almost_visible wpb_fadeInUp fadeInUp wd-anim-name_fadeInUp text-center\"><a href=\"https:\/\/www.youtube.com\/@deborahpano9218\/videos\" title=\"Worship Channel 4\" class=\"btn btn-color-primary btn-style-default btn-style-semi-round btn-size-extra-large btn-full-width btn-icon-pos-right\">K\u00ebng\u00eb Adhurimi 4<span class=\"wd-btn-icon\"><span class=\"wd-icon fas fa-angle-right\"><\/span><\/span><\/a><\/div><div class=\"vc_empty_space\"   style=\"height: 12px\"><span class=\"vc_empty_space_inner\"><\/span><\/div><div id=\"wd-6421ddbd18d79\" class=\"wd-rs-6421ddbd18d79  wd-button-wrapper wd-off-anim wpb_animate_when_almost_visible wpb_fadeInUp fadeInUp wd-anim-name_fadeInUp text-center\"><a href=\"https:\/\/www.youtube.com\/@adhuroshqip.\/videos\" title=\"Worship Channel 5\" class=\"btn btn-color-primary btn-style-default btn-style-semi-round btn-size-extra-large btn-full-width btn-icon-pos-right\">K\u00ebng\u00eb Adhurimi 5<span class=\"wd-btn-icon\"><span class=\"wd-icon fas fa-angle-right\"><\/span><\/span><\/a><\/div><\/div><\/div><\/div><\/div><\/div><\/div><div class=\"vc_empty_space\"   style=\"height: 32px\"><span class=\"vc_empty_space_inner\"><\/span><\/div><div id=\"wd-640f6163a23bd\" class=\"wd-rs-640f6163a23bd  wd-button-wrapper wd-off-anim wpb_animate_when_almost_visible wpb_fadeInUp fadeInUp wd-anim-name_fadeInUp text-center\"><a href=\"#contact-form-popup\" title=\"\" class=\"btn btn-color-primary btn-style-default btn-style-semi-round btn-size-extra-large btn-full-width wd-open-popup  btn-icon-pos-right\">CONTACT US<span class=\"wd-btn-icon\"><span class=\"wd-icon far fa-envelope-open\"><\/span><\/span><\/a><\/div><div id=\"contact-form-popup\" class=\"mfp-with-anim wd-popup wd-popup-element mfp-hide\" style=\"max-width:500px;\"><div class=\"wd-popup-inner\">\t\t<div id=\"wd-6403a159d12df\" class=\"wd-image wd-wpb wd-rs-6403a159d12df text-center vc_custom_1677959514788\">\n\t\t\t\n\t\t\t<img width=\"539\" height=\"433\" src=\"https:\/\/balkanbiblicaltraining.org\/wp-content\/uploads\/2023\/03\/6886524-ai-1-e1677959495401.png\" class=\"attachment-full\" alt=\"\" decoding=\"async\" loading=\"lazy\" title=\"6886524-ai (1)\" srcset=\"https:\/\/balkanbiblicaltraining.org\/wp-content\/uploads\/2023\/03\/6886524-ai-1-e1677959495401.png 539w, https:\/\/balkanbiblicaltraining.org\/wp-content\/uploads\/2023\/03\/6886524-ai-1-e1677959495401-373x300.png 373w, https:\/\/balkanbiblicaltraining.org\/wp-content\/uploads\/2023\/03\/6886524-ai-1-e1677959495401-15x12.png 15w, https:\/\/balkanbiblicaltraining.org\/wp-content\/uploads\/2023\/03\/6886524-ai-1-e1677959495401-430x345.png 430w, https:\/\/balkanbiblicaltraining.org\/wp-content\/uploads\/2023\/03\/6886524-ai-1-e1677959495401-150x121.png 150w\" sizes=\"(max-width: 539px) 100vw, 539px\" \/>\n\t\t\t\t\t<\/div>\n\t\t<div class=\"vc_row wpb_row vc_inner vc_row-fluid vc_custom_1517217790027 vc_row-o-content-top vc_row-flex\"><div class=\"wpb_column vc_column_container vc_col-sm-12 vc_col-has-fill\"><div class=\"vc_column-inner vc_custom_1516974142464\"><div class=\"wpb_wrapper\">\n\t\t<div id=\"wd-640f655a02419\" class=\"title-wrapper wd-wpb set-mb-s reset-last-child  wd-rs-640f655a02419 wd-title-color-default wd-title-style-default text-center vc_custom_1678730647695 wd-underline-colored\">\n\t\t\t\n\t\t\t<div class=\"liner-continer\">\n\t\t\t\t<h4 class=\"woodmart-title-container title  wd-font-weight-700 wd-fontsize-l\" >CONTACT US<\/h4>\n\t\t\t\t\t\t\t<\/div>\n\t\t\t\n\t\t\t\t\t\t\t<div class=\"title-after_title  set-cont-mb-s reset-last-child  wd-fontsize-xs\">You may leave a question, comment, suggestion or request login credentials.<br \/>\nOr, feel free to just say ``Hello`` \ud83d\ude42<\/div>\n\t\t\t\n\t\t\t\n\t\t<\/div>\n\t\t\n\t\t<div role=\"form\" class=\"wpcf7\" id=\"wpcf7-f99-o1\" lang=\"en-US\" dir=\"ltr\">\n<div class=\"screen-reader-response\"><p role=\"status\" aria-live=\"polite\" aria-atomic=\"true\"><\/p> <ul><\/ul><\/div>\n<form action=\"\/alb\/wp-json\/wp\/v2\/pages\/7223#wpcf7-f99-o1\" method=\"post\" class=\"wpcf7-form init\" novalidate=\"novalidate\" data-status=\"init\" data-trp-original-action=\"\/alb\/wp-json\/wp\/v2\/pages\/7223#wpcf7-f99-o1\">\n<div style=\"display: none;\">\n<input type=\"hidden\" name=\"_wpcf7\" value=\"99\" \/>\n<input type=\"hidden\" name=\"_wpcf7_version\" value=\"5.6.3\" \/>\n<input type=\"hidden\" name=\"_wpcf7_locale\" value=\"en_US\" \/>\n<input type=\"hidden\" name=\"_wpcf7_unit_tag\" value=\"wpcf7-f99-o1\" \/>\n<input type=\"hidden\" name=\"_wpcf7_container_post\" value=\"0\" \/>\n<input type=\"hidden\" name=\"_wpcf7_posted_data_hash\" value=\"\" \/>\n<\/div>\n<p><label> Your name<br \/>\n    <span class=\"wpcf7-form-control-wrap\" data-name=\"your-name\"><input type=\"text\" name=\"your-name\" value=\"\" size=\"40\" class=\"wpcf7-form-control wpcf7-text wpcf7-validates-as-required\" aria-required=\"true\" aria-invalid=\"false\" \/><\/span> <\/label><\/p>\n<p><label> Your email<br \/>\n    <span class=\"wpcf7-form-control-wrap\" data-name=\"your-email\"><input type=\"email\" name=\"your-email\" value=\"\" size=\"40\" class=\"wpcf7-form-control wpcf7-text wpcf7-email wpcf7-validates-as-required wpcf7-validates-as-email\" aria-required=\"true\" aria-invalid=\"false\" \/><\/span> <\/label><\/p>\n<p><label> Phone Number<br \/>\n    <span class=\"wpcf7-form-control-wrap\" data-name=\"your-number\"><input type=\"tel\" name=\"your-number\" value=\"\" size=\"40\" class=\"wpcf7-form-control wpcf7-text wpcf7-tel wpcf7-validates-as-required wpcf7-validates-as-tel\" aria-required=\"true\" aria-invalid=\"false\" \/><\/span> <\/label><\/p>\n<p><label> Subject<br \/>\n    <span class=\"wpcf7-form-control-wrap\" data-name=\"your-subject\"><input type=\"text\" name=\"your-subject\" value=\"\" size=\"40\" class=\"wpcf7-form-control wpcf7-text wpcf7-validates-as-required\" aria-required=\"true\" aria-invalid=\"false\" \/><\/span> <\/label><\/p>\n<p><label> Your message (optional)<br \/>\n    <span class=\"wpcf7-form-control-wrap\" data-name=\"your-message\"><textarea name=\"your-message\" cols=\"40\" rows=\"10\" class=\"wpcf7-form-control wpcf7-textarea\" aria-invalid=\"false\"><\/textarea><\/span> <\/label><\/p>\n<p><input type=\"submit\" value=\"Submit\" class=\"wpcf7-form-control has-spinner wpcf7-submit\" \/><\/p>\n<div class=\"wpcf7-response-output\" aria-hidden=\"true\"><\/div><input type=\"hidden\" name=\"trp-form-language\" value=\"alb\"\/><\/form><\/div><\/div><\/div><\/div><\/div><\/div><\/div><div class=\"vc_empty_space\"   style=\"height: 32px\"><span class=\"vc_empty_space_inner\"><\/span><\/div>\n\t<div class=\"wpb_raw_code wpb_content_element wpb_raw_html copyrights-bbt\" >\n\t\t<div class=\"wpb_wrapper\">\n\t\t\t<small><a href=\"https:\/\/balkanbiblicaltraining.org\/alb\/\"><strong>BALKAN BIBLICAL TRAINING<\/strong><\/a> <i class=\"fa fa-copyright\"><\/i>  2025 CREATED BY IT. <\/small>\n\t\t<\/div>\n\t<\/div>\n<\/div><\/div><\/div><div class=\"wpb_column vc_column_container vc_col-sm-4\"><div class=\"vc_column-inner\"><div class=\"wpb_wrapper\"><\/div><\/div><\/div><\/div><div class=\"vc_row-full-width vc_clearfix\"><\/div>","protected":false},"excerpt":{"rendered":"BALKAN BIBLICAL TRAINING MY ACCOUNT HEY YOU, WELCOME! CLASS HEY YOU, SORRY! THIS PAGE IS AVAILABLE FOR MEMBERS ONLY. Please","protected":false},"author":1,"featured_media":46,"parent":0,"menu_order":0,"comment_status":"closed","ping_status":"closed","template":"","meta":[],"_links":{"self":[{"href":"https:\/\/balkanbiblicaltraining.org\/alb\/wp-json\/wp\/v2\/pages\/7223"}],"collection":[{"href":"https:\/\/balkanbiblicaltraining.org\/alb\/wp-json\/wp\/v2\/pages"}],"about":[{"href":"https:\/\/balkanbiblicaltraining.org\/alb\/wp-json\/wp\/v2\/types\/page"}],"author":[{"embeddable":true,"href":"https:\/\/balkanbiblicaltraining.org\/alb\/wp-json\/wp\/v2\/users\/1"}],"replies":[{"embeddable":true,"href":"https:\/\/balkanbiblicaltraining.org\/alb\/wp-json\/wp\/v2\/comments?post=7223"}],"version-history":[{"count":163,"href":"https:\/\/balkanbiblicaltraining.org\/alb\/wp-json\/wp\/v2\/pages\/7223\/revisions"}],"predecessor-version":[{"id":8903,"href":"https:\/\/balkanbiblicaltraining.org\/alb\/wp-json\/wp\/v2\/pages\/7223\/revisions\/8903"}],"wp:featuredmedia":[{"embeddable":true,"href":"https:\/\/balkanbiblicaltraining.org\/alb\/wp-json\/wp\/v2\/media\/46"}],"wp:attachment":[{"href":"https:\/\/balkanbiblicaltraining.org\/alb\/wp-json\/wp\/v2\/media?parent=7223"}],"curies":[{"name":"wp","href":"https:\/\/api.w.org\/{rel}","templated":true}]}}