{"id":8914,"date":"2025-09-27T16:44:23","date_gmt":"2025-09-27T16:44:23","guid":{"rendered":"https:\/\/balkanbiblicaltraining.org\/?page_id=8914"},"modified":"2025-09-28T15:54:03","modified_gmt":"2025-09-28T15:54:03","slug":"post-ungjilli","status":"publish","type":"page","link":"https:\/\/balkanbiblicaltraining.org\/alb\/post-ungjilli\/","title":{"rendered":"Ungjilli"},"content":{"rendered":"<div class=\"vc_row wpb_row vc_row-fluid\"><div class=\"wpb_column vc_column_container vc_col-sm-12\"><div class=\"vc_column-inner\"><div class=\"wpb_wrapper\"><div id=\"wd-68d812fd09414\" class=\"wd-rs-68d812fd09414  wd-button-wrapper wd-off-anim wpb_animate_when_almost_visible wpb_fadeInUp fadeInUp wd-anim-name_fadeInUp text-center\"><a href=\"https:\/\/balkanbiblicaltraining.org\/alb\/\" title=\"\" class=\"btn btn-color-primary btn-style-default btn-style-semi-round btn-size-extra-large btn-full-width btn-icon-pos-right\">Shiko Faqen Kryesore<span class=\"wd-btn-icon\"><span class=\"wd-icon fas fa-angle-right\"><\/span><\/span><\/a><\/div><div class=\"vc_empty_space\"   style=\"height: 32px\"><span class=\"vc_empty_space_inner\"><\/span><\/div><\/div><\/div><\/div><\/div><div class=\"vc_row wpb_row vc_row-fluid\"><div class=\"wpb_column vc_column_container vc_col-sm-12\"><div class=\"vc_column-inner\"><div class=\"wpb_wrapper\"><div class=\"vc_empty_space\"   style=\"height: 32px\"><span class=\"vc_empty_space_inner\"><\/span><\/div>\n\t\t<div id=\"wd-68d81578302b5\" class=\"title-wrapper wd-wpb set-mb-s reset-last-child  wd-rs-68d81578302b5 wd-title-color-default wd-title-style-default text-center titulli-ungjilli  wd-underline-colored\">\n\t\t\t\n\t\t\t<div class=\"liner-continer\">\n\t\t\t\t<h4 class=\"woodmart-title-container title  wd-font-weight- wd-fontsize-xxl\" >Ungjilli<\/h4>\n\t\t\t\t\t\t\t<\/div>\n\t\t\t\n\t\t\t\n\t\t\t\n\t\t<\/div>\n\t\t\n\t\t\n\t<div class=\"wpb_text_column wpb_content_element\" >\n\t\t<div class=\"wpb_wrapper\">\n\t\t\t<h2>Tregimi i Krijimit<\/h2>\n<p>Zoti Krijoi gjith\u00e7ka. Ai krijoi gjith\u00e7ka q\u00eb shohim e q\u00eb nuk shohim. Ai foli dhe dielli, h\u00ebna, yjet, toka, deti, zogjt\u00eb, peshqit dhe kafsh\u00ebt e tok\u00ebs u krijuan, e pastaj tha \u201c\u00ebsht\u00eb e mir\u00eb.\u201d Ai pastaj krijoi burrin dhe gruan sipas imazhit t\u00eb Tij dhe tha \u201ckjo \u00ebsht\u00eb shum\u00eb mir\u00eb.\u201d Zoti kishte bashk\u00ebsi me njeriun. Ata ishin si nj\u00eb familje.<\/p>\n<p>&nbsp;<\/p>\n<figure class=\"wp-block-audio\"><audio src=\"https:\/\/balkanbiblicaltraining.org\/wp-content\/uploads\/2023\/03\/creation-story.mp3\" controls=\"controls\" data-mce-fragment=\"1\"><\/audio><\/figure>\n<p>&nbsp;<\/p>\n<hr class=\"wp-block-separator has-alpha-channel-opacity is-style-dots\" \/>\n<p>&nbsp;<\/p>\n<h2>R\u00ebnia<\/h2>\n<p>Nj\u00eb dit\u00eb, burri e gruaja (Adami dhe Eva), u mashtruan nga Satani (Djalli) dhe h\u00ebngr\u00ebn frutin q\u00eb Zoti u kishte th\u00ebn\u00eb t\u00eb mos e hanin. Ky frut do t\u2019u jepte diturin\u00eb ose njohjen e s\u00eb mir\u00ebs dhe s\u00eb keqes, dhe Zoti u kishte th\u00ebn\u00eb q\u00eb n\u00ebse e hajn\u00eb do t\u00eb vdesin. Kur u rebeluan, ata i besuan vet\u00ebs m\u00eb shum\u00eb se Zotit. Kjo prishi marr\u00ebdh\u00ebnien e tyre me Per\u00ebndin\u00eb dhe ata u ndan\u00eb nga Ai.<\/p>\n<p>&nbsp;<\/p>\n<figure class=\"wp-block-audio\"><audio src=\"https:\/\/balkanbiblicaltraining.org\/wp-content\/uploads\/2023\/03\/renia.mp3\" controls=\"controls\" data-mce-fragment=\"1\"><\/audio><\/figure>\n<p>&nbsp;<\/p>\n<hr class=\"wp-block-separator has-alpha-channel-opacity is-style-dots\" \/>\n<p>&nbsp;<\/p>\n<h2>M\u00ebkati<\/h2>\n<p>Ky m\u00ebkati i par\u00eb n\u00eb kop\u00ebsht q\u00eb na ndau neve nga Zoti kaloi brez pas brezi nga Adami e gjith\u00eb njer\u00ebzimi sot lind n\u00eb m\u00ebkat. As edhe veprat e mira si t\u00eb N\u00ebn\u00eb Terez\u00ebs nuk e fshijn\u00eb m\u00ebkatin. Vet\u00ebm Zoti mund t\u00eb fal\u00eb m\u00ebkate.<\/p>\n<p>M\u00ebkat \u00ebsht\u00eb edhe kur nuk i bindemi Per\u00ebndis\u00eb, me dashje apo pa dashje. Pra tek vazhdojm\u00eb t\u00eb m\u00ebkatojme, ndahemi edhe m\u00eb shum\u00eb nga Zoti.<\/p>\n<p>&nbsp;<\/p>\n<figure class=\"wp-block-audio\"><audio src=\"https:\/\/balkanbiblicaltraining.org\/wp-content\/uploads\/2023\/03\/mekati.mp3\" controls=\"controls\" data-mce-fragment=\"1\"><\/audio><\/figure>\n<p>&nbsp;<\/p>\n<hr class=\"wp-block-separator has-alpha-channel-opacity is-style-dots\" \/>\n<p>&nbsp;<\/p>\n<h2>Zoti \u00cbsht\u00eb i P\u00ebrsosur<\/h2>\n<p>Zoti \u00ebsht\u00eb i p\u00ebrsosur. Prandaj ai \u00ebsht\u00eb gjyqtari i p\u00ebrsosur. Ai nuk pranon bakshish dhe nuk e do nj\u00ebrin m\u00eb shum\u00eb se tjetrin. Prandaj Ai duhet t\u00eb nd\u00ebshkoj\u00eb \u00e7do m\u00ebkat, dhe paga e m\u00ebkatit \u00ebsht\u00eb vdekja. Kjo na \u00e7on n\u00eb ferr dhe na ndan edhe m\u00eb shum\u00eb nga Per\u00ebndia.<\/p>\n<p>Zoti \u00ebsht\u00eb poashtu i p\u00ebrsosur n\u00eb dashuri dhe hir, Ai do t\u00eb rregulloj\u00eb marr\u00ebdh\u00ebnien mes njeriut dhe Atij n\u00eb m\u00ebnyr\u00eb q\u00eb t\u00eb shkojm\u00eb n\u00eb parajs\u00eb me T\u00eb. Ky rregullim ndodh p\u00ebrmes nj\u00eb shp\u00ebtimtari, i cili ishte dhe \u00ebsht\u00eb n\u00eb gjendje t\u00eb jap\u00eb jet\u00eb e Tij p\u00ebr ne.<\/p>\n<p>&nbsp;<\/p>\n<figure class=\"wp-block-audio\"><audio src=\"https:\/\/balkanbiblicaltraining.org\/wp-content\/uploads\/2023\/03\/zoti-eshte-i-persosur.mp3\" controls=\"controls\" data-mce-fragment=\"1\"><\/audio><\/figure>\n<p>&nbsp;<\/p>\n<hr class=\"wp-block-separator has-alpha-channel-opacity is-style-dots\" \/>\n<p>&nbsp;<\/p>\n<h2>Sacrifice e Abrahamit<\/h2>\n<p>Nj\u00eb dite, Per\u00ebndia e testoi Abrahamin dhe i tha t\u00eb sakrifikonte birin e tij n\u00eb mal. Per shkak q\u00eb Abrahami iu bind Zotit, nj\u00eb Engjull i Zotit e ndaloi dhe nuk e lejoi t\u00eb sakrifikonte birin e tij. N\u00eb vend t\u00eb tij, Per\u00ebndia d\u00ebrgoi nj\u00eb dash. Zoti i tha q\u00eb si shkak i besimit t\u00eb madh dhe bindjes s\u00eb tij, Abrahami do t\u00eb ishte bekim p\u00ebr t\u00eb gjith\u00eb popujt me an\u00eb t\u00eb pasardh\u00ebsve t\u00eb tij.<\/p>\n<p>&nbsp;<\/p>\n<figure class=\"wp-block-audio\"><audio src=\"https:\/\/balkanbiblicaltraining.org\/wp-content\/uploads\/2023\/03\/abraham-sacrifice.mp3\" controls=\"controls\" data-mce-fragment=\"1\"><\/audio><\/figure>\n<p>&nbsp;<\/p>\n<hr class=\"wp-block-separator has-alpha-channel-opacity is-style-dots\" \/>\n<p>&nbsp;<\/p>\n<h2>Pse nj\u00eb Sakrific\u00eb<\/h2>\n<p>P\u00ebr k\u00ebt\u00eb arsye, n\u00eb Kurban Bajram, sakrifikohet nj\u00eb dash. Q\u00eb t\u00eb kujtohen veprat plot besim t\u00eb Abrahamit at\u00eb dit\u00eb. Por pse duhet t\u00eb sakrifikonin? Sepse falja e m\u00ebkateve nuk paguhet me euro e dollar\u00eb, por me gjak. Jo \u00e7far\u00ebdo lloj gjaku, por me gjakun e nj\u00eb sakrifice t\u00eb p\u00ebrsosur. Nj\u00eb qingj t\u00eb pa njoll\u00eb. Ose n\u00eb rastin e nj\u00eb shp\u00ebtimtari, dikush pa asnj\u00eb m\u00ebkat q\u00eb do t\u00eb sh\u00ebrbente si z\u00ebvend\u00ebsim p\u00ebr pag\u00ebn e m\u00ebkateve tona, nj\u00ebsoj si dashi q\u00eb e z\u00ebvend\u00ebsoi birin e Abrahamit.<\/p>\n<p>&nbsp;<\/p>\n<figure class=\"wp-block-audio\"><audio src=\"https:\/\/balkanbiblicaltraining.org\/wp-content\/uploads\/2023\/03\/pse-sakrifica.mp3\" controls=\"controls\" data-mce-fragment=\"1\"><\/audio><\/figure>\n<p>&nbsp;<\/p>\n<hr class=\"wp-block-separator has-alpha-channel-opacity is-style-dots\" \/>\n<p>&nbsp;<\/p>\n<h2>Sacrifice e Jezusit<\/h2>\n<p>Edhe Bibla edhe Kurani thon\u00eb q\u00eb Jezusi lindi nga nj\u00eb e virgj\u00ebr. P\u00ebrse ka r\u00ebnd\u00ebsi kjo? Pasi Jezusi lindi nga nj\u00eb e virgj\u00ebr, ai nuk lindi n\u00eb m\u00ebkat i Adamit si t\u00eb tjer\u00ebt.<\/p>\n<p>Dhe pasiq\u00eb jetoi nj\u00eb jet\u00eb pa m\u00ebkat, gjaku i Tij \u00ebsht\u00eb gjaku i sakrific\u00ebs s\u00eb p\u00ebrsosur qe paguan p\u00ebr m\u00ebkatet.<\/p>\n<p>P\u00ebrmjet sakrific\u00ebs s\u00eb vullnetshme t\u00eb Jezusit, gjaku i Tij pagoi p\u00ebr m\u00ebkatet e gjith\u00eb bot\u00ebs dhe k\u00ebshtu rregulloi marr\u00ebdh\u00ebnien ton\u00eb me Per\u00ebndin\u00eb. Nga kjo, ne kemi jet\u00ebn e p\u00ebrjetshme, duhet vet\u00ebm ta pranojm\u00eb.<\/p>\n<p>&nbsp;<\/p>\n<figure class=\"wp-block-audio\"><audio src=\"https:\/\/balkanbiblicaltraining.org\/wp-content\/uploads\/2023\/03\/sakrifica-e-jezusit.mp3\" controls=\"controls\" data-mce-fragment=\"1\"><\/audio><\/figure>\n<p>&nbsp;<\/p>\n<hr class=\"wp-block-separator has-alpha-channel-opacity is-style-dots\" \/>\n<p>&nbsp;<\/p>\n<h2>Dhurata Falas<\/h2>\n<p>Zoti ofron dhurat\u00ebn e pajtimit me T\u00eb falas. Duhet vet\u00ebm t\u00eb besojm\u00eb. Jepet falas q\u00eb askush t\u00eb mos fryhet apo mburret.<\/p>\n<p>Besimi n\u00eb Mesin\u00eb \u00ebsht\u00eb vendim individual. Askush nuk vendos dot p\u00ebr neve. Si thot\u00eb edhe tradita \u201cSecili qengj varet nga k\u00ebmb\u00ebt e veta.\u201d<\/p>\n<p>P\u00ebr t\u00eb marr\u00eb ket\u00eb dhurat\u00eb, Bibla thot\u00eb, \u201csepse, po t\u00eb rr\u00ebfesh me goj\u00ebn t\u00ebnde Zotin Jezus, dhe po t\u00eb besosh n\u00eb zemr\u00ebn t\u00ebne se Per\u00ebndia e ngjalli prej s\u00eb vdekurish, do t\u00eb shp\u00ebtohesh.\u201d ( Romak\u00ebve 10:9)<\/p>\n<p>&nbsp;<\/p>\n<figure class=\"wp-block-audio\"><audio src=\"https:\/\/balkanbiblicaltraining.org\/wp-content\/uploads\/2023\/03\/dhurate-falas.mp3\" controls=\"controls\" data-mce-fragment=\"1\"><\/audio><\/figure>\n<p>&nbsp;<\/p>\n<hr class=\"wp-block-separator has-alpha-channel-opacity is-style-dots\" \/>\n<p>&nbsp;<\/p>\n<h2>Besimi<\/h2>\n<p>Si me Abrahamin, besimi i v\u00ebrtet\u00eb \u00ebsht\u00eb gj\u00ebja kryesor ne marr\u00ebdh\u00ebnien ton\u00eb me Per\u00ebndin\u00eb. Besimi q\u00eb Per\u00ebndia k\u00ebrkon, nuk vjen nga nj\u00eb tradit\u00eb e fes\u00eb, por besim q\u00eb vjen nga zemra.<\/p>\n<p>Kur besojm\u00eb me gjith\u00eb zem\u00ebr, Per\u00ebndia na jep Frym\u00ebn e Shenjt\u00eb si kapar, dhe jo vet\u00ebm q\u00eb marrim jet\u00ebn e p\u00ebrjetshme n\u00eb qiell, por edhe n\u00eb tok\u00eb do t\u00eb ndryshojm\u00eb. Person i ri tani, me paqe, si rrezultat i marr\u00ebdh\u00ebnies son\u00eb me Per\u00ebndin\u00eb.<\/p>\n<p>&nbsp;<\/p>\n<figure class=\"wp-block-audio\"><audio src=\"https:\/\/balkanbiblicaltraining.org\/wp-content\/uploads\/2023\/03\/besimi.mp3\" controls=\"controls\" data-mce-fragment=\"1\"><\/audio><\/figure>\n<p>&nbsp;<\/p>\n<hr class=\"wp-block-separator has-alpha-channel-opacity is-style-dots\" \/>\n\n\t\t<\/div>\n\t<\/div>\n<\/div><\/div><\/div><\/div><div class=\"vc_row wpb_row vc_row-fluid\"><div class=\"wpb_column vc_column_container vc_col-sm-12\"><div class=\"vc_column-inner\"><div class=\"wpb_wrapper\"><div class=\"vc_empty_space\"   style=\"height: 32px\"><span class=\"vc_empty_space_inner\"><\/span><\/div>\n\t<div  class=\"wpb_single_image wpb_content_element vc_align_center\">\n\t\t\n\t\t<figure class=\"wpb_wrapper vc_figure\">\n\t\t\t<div class=\"vc_single_image-wrapper   vc_box_border_grey\"><img width=\"1280\" height=\"852\" src=\"https:\/\/balkanbiblicaltraining.org\/wp-content\/uploads\/2025\/09\/IMG_1400.jpeg\" class=\"vc_single_image-img attachment-full\" alt=\"\" decoding=\"async\" loading=\"lazy\" title=\"IMG_1400\" srcset=\"https:\/\/balkanbiblicaltraining.org\/wp-content\/uploads\/2025\/09\/IMG_1400.jpeg 1280w, https:\/\/balkanbiblicaltraining.org\/wp-content\/uploads\/2025\/09\/IMG_1400-400x266.jpeg 400w, https:\/\/balkanbiblicaltraining.org\/wp-content\/uploads\/2025\/09\/IMG_1400-1202x800.jpeg 1202w, https:\/\/balkanbiblicaltraining.org\/wp-content\/uploads\/2025\/09\/IMG_1400-768x511.jpeg 768w, https:\/\/balkanbiblicaltraining.org\/wp-content\/uploads\/2025\/09\/IMG_1400-18x12.jpeg 18w, https:\/\/balkanbiblicaltraining.org\/wp-content\/uploads\/2025\/09\/IMG_1400-860x572.jpeg 860w, https:\/\/balkanbiblicaltraining.org\/wp-content\/uploads\/2025\/09\/IMG_1400-430x286.jpeg 430w, https:\/\/balkanbiblicaltraining.org\/wp-content\/uploads\/2025\/09\/IMG_1400-700x466.jpeg 700w, https:\/\/balkanbiblicaltraining.org\/wp-content\/uploads\/2025\/09\/IMG_1400-150x100.jpeg 150w\" sizes=\"(max-width: 1280px) 100vw, 1280px\" \/><\/div>\n\t\t<\/figure>\n\t<\/div>\n\n\t\t<div id=\"wd-68d959f45039a\" class=\"title-wrapper wd-wpb set-mb-s reset-last-child  wd-rs-68d959f45039a wd-title-color-default wd-title-style-default text-center titulli-ungjilli  wd-underline-colored\">\n\t\t\t\n\t\t\t<div class=\"liner-continer\">\n\t\t\t\t<h4 class=\"woodmart-title-container title  wd-font-weight- wd-fontsize-xl\" >Lexo rreth d\u00ebshmive tona<\/h4>\n\t\t\t\t\t\t\t<\/div>\n\t\t\t\n\t\t\t\n\t\t\t\n\t\t<\/div>\n\t\t\n\t\t<div id=\"wd-68d82662c168d\" class=\"wd-rs-68d82662c168d  wd-button-wrapper wd-off-anim wpb_animate_when_almost_visible wpb_fadeInUp fadeInUp wd-anim-name_fadeInUp text-center\"><a href=\"https:\/\/balkanbiblicaltraining.org\/alb\/testimonials\/\" title=\"\" class=\"btn btn-color-primary btn-style-default btn-style-semi-round btn-size-extra-large btn-full-width btn-icon-pos-right\">D\u00ebshmit\u00eb<span class=\"wd-btn-icon\"><span class=\"wd-icon fas fa-angle-right\"><\/span><\/span><\/a><\/div><div class=\"vc_empty_space\"   style=\"height: 32px\"><span class=\"vc_empty_space_inner\"><\/span><\/div><\/div><\/div><\/div><\/div><div class=\"vc_row wpb_row vc_row-fluid\"><div class=\"wpb_column vc_column_container vc_col-sm-12\"><div class=\"vc_column-inner\"><div class=\"wpb_wrapper\"><div class=\"vc_empty_space\"   style=\"height: 32px\"><span class=\"vc_empty_space_inner\"><\/span><\/div><div class=\"vc_row wpb_row vc_inner vc_row-fluid\"><div class=\"wpb_column vc_column_container vc_col-sm-8\"><div class=\"vc_column-inner\"><div class=\"wpb_wrapper\">\n\t\t<div id=\"wd-68d95a055a351\" class=\"title-wrapper wd-wpb set-mb-s reset-last-child  wd-rs-68d95a055a351 wd-title-color-default wd-title-style-default text-center titulli-ungjilli  wd-underline-colored\">\n\t\t\t\n\t\t\t<div class=\"liner-continer\">\n\t\t\t\t<h4 class=\"woodmart-title-container title  wd-font-weight- wd-fontsize-xl\" >Lidhu me ekipin nga Teksasi<\/h4>\n\t\t\t\t\t\t\t<\/div>\n\t\t\t\n\t\t\t\t\t\t\t<div class=\"title-after_title  set-cont-mb-s reset-last-child  wd-fontsize-s\">First Baptist Church Big Spring<\/div>\n\t\t\t\n\t\t\t\n\t\t<\/div>\n\t\t\n\t\t<\/div><\/div><\/div><div class=\"wpb_column vc_column_container vc_col-sm-4\"><div class=\"vc_column-inner\"><div class=\"wpb_wrapper\"><div id=\"wd-68d958ff1f321\" class=\"wd-rs-68d958ff1f321  wd-button-wrapper wd-off-anim wpb_animate_when_almost_visible wpb_fadeInUp fadeInUp wd-anim-name_fadeInUp text-center\"><a href=\"https:\/\/www.facebook.com\/firstbaptistchurchbigspring\" title=\"\" class=\"btn btn-color-primary btn-style-default btn-style-round btn-size-extra-large btn-full-width btn-icon-pos-right\">Lidhu n\u00eb Facebook<span class=\"wd-btn-icon\"><span class=\"wd-icon fab fa-facebook\"><\/span><\/span><\/a><\/div><\/div><\/div><\/div><\/div><div class=\"vc_empty_space\"   style=\"height: 32px\"><span class=\"vc_empty_space_inner\"><\/span><\/div><div class=\"vc_row wpb_row vc_inner vc_row-fluid\"><div class=\"wpb_column vc_column_container vc_col-sm-8\"><div class=\"vc_column-inner\"><div class=\"wpb_wrapper\">\n\t\t<div id=\"wd-68d95a0e7b8ad\" class=\"title-wrapper wd-wpb set-mb-s reset-last-child  wd-rs-68d95a0e7b8ad wd-title-color-default wd-title-style-default text-center titulli-ungjilli  wd-underline-colored\">\n\t\t\t\n\t\t\t<div class=\"liner-continer\">\n\t\t\t\t<h4 class=\"woodmart-title-container title  wd-font-weight- wd-fontsize-xl\" >Lidhu me kish\u00ebn lokale ungjillore<\/h4>\n\t\t\t\t\t\t\t<\/div>\n\t\t\t\n\t\t\t\t\t\t\t<div class=\"title-after_title  set-cont-mb-s reset-last-child  wd-fontsize-s\">Rruga E Paqes Peje<\/div>\n\t\t\t\n\t\t\t\n\t\t<\/div>\n\t\t\n\t\t<\/div><\/div><\/div><div class=\"wpb_column vc_column_container vc_col-sm-4\"><div class=\"vc_column-inner\"><div class=\"wpb_wrapper\"><div id=\"wd-68d9592a881c2\" class=\"wd-rs-68d9592a881c2  wd-button-wrapper wd-off-anim wpb_animate_when_almost_visible wpb_fadeInUp fadeInUp wd-anim-name_fadeInUp text-center\"><a href=\"https:\/\/www.facebook.com\/rrugaepaqes.peje\" title=\"\" class=\"btn btn-color-primary btn-style-default btn-style-round btn-size-extra-large btn-full-width btn-icon-pos-right\">Lidhu n\u00eb Facebook<span class=\"wd-btn-icon\"><span class=\"wd-icon fab fa-facebook\"><\/span><\/span><\/a><\/div><\/div><\/div><\/div><\/div><\/div><\/div><\/div><\/div>","protected":false},"excerpt":{"rendered":"View Main Page Ungjilli Tregimi i Krijimit Zoti Krijoi gjith\u00e7ka. Ai krijoi gjith\u00e7ka q\u00eb shohim e q\u00eb nuk shohim. Ai","protected":false},"author":1,"featured_media":46,"parent":0,"menu_order":0,"comment_status":"closed","ping_status":"closed","template":"","meta":[],"_links":{"self":[{"href":"https:\/\/balkanbiblicaltraining.org\/alb\/wp-json\/wp\/v2\/pages\/8914"}],"collection":[{"href":"https:\/\/balkanbiblicaltraining.org\/alb\/wp-json\/wp\/v2\/pages"}],"about":[{"href":"https:\/\/balkanbiblicaltraining.org\/alb\/wp-json\/wp\/v2\/types\/page"}],"author":[{"embeddable":true,"href":"https:\/\/balkanbiblicaltraining.org\/alb\/wp-json\/wp\/v2\/users\/1"}],"replies":[{"embeddable":true,"href":"https:\/\/balkanbiblicaltraining.org\/alb\/wp-json\/wp\/v2\/comments?post=8914"}],"version-history":[{"count":15,"href":"https:\/\/balkanbiblicaltraining.org\/alb\/wp-json\/wp\/v2\/pages\/8914\/revisions"}],"predecessor-version":[{"id":8934,"href":"https:\/\/balkanbiblicaltraining.org\/alb\/wp-json\/wp\/v2\/pages\/8914\/revisions\/8934"}],"wp:featuredmedia":[{"embeddable":true,"href":"https:\/\/balkanbiblicaltraining.org\/alb\/wp-json\/wp\/v2\/media\/46"}],"wp:attachment":[{"href":"https:\/\/balkanbiblicaltraining.org\/alb\/wp-json\/wp\/v2\/media?parent=8914"}],"curies":[{"name":"wp","href":"https:\/\/api.w.org\/{rel}","templated":true}]}}